{"id":8,"date":"2025-11-10T13:09:30","date_gmt":"2025-11-10T13:09:30","guid":{"rendered":"https:\/\/sanadigital.ch\/index.php\/front_page\/"},"modified":"2026-01-25T13:14:10","modified_gmt":"2026-01-25T13:14:10","slug":"front_page","status":"publish","type":"page","link":"https:\/\/sanadigital.ch\/","title":{"rendered":"Startseite"},"content":{"rendered":"\n\n<div id=\"about\" style=\"margin-top:80px;\">\n\n\n\n<div id=\"ablauf\">\n\n\n\n<script src=\"mobile-nav-override.js\"><\/script>\n<link rel=\"stylesheet\" href=\"timeline.css\">\n<div class=\"container\" style=\"padding-bottom:80px;margin-top:-40px;\">\n<p>        <!-- Timeline Container --><\/p>\n<div class=\"timeline-container\">\n<p>            <!-- Ereignis 1 --><\/p>\n<div class=\"timeline-event\" data-animation=\"fade-in\">\n<div class=\"event-content\">\n<div class=\"event-number\">01<\/div>\n<div class=\"event-title\">Schnellanalyse<\/div>\n<div class=\"event-text\">\n                        Erfahrungsgem\u00e4ss brauche ich f\u00fcr eine Schnellanalyse Ihrer aktuellen Online-Sichtbarkeit und dem vorhandenen Potential nicht mehr als einen <strong>halben Tag<\/strong>. Das Ergebnis dieser Schnellanalyse werden erste konkrete Handlungsempfehlungen zur Verbesserung der Sichtbarkeit sein. Sie k\u00f6nnen danach entscheiden, in welcher Form Sie die Zusammenarbeit vertiefen m\u00f6chten.<\/p><\/br>\n<p>In einem pers\u00f6nlichen Gespr\u00e4ch pr\u00e4sentiere ich Ihnen die Resultate der Analyse und bespreche mit Ihnen die n\u00e4chsten Schritte. Die Analyseergebnisse erhalten Sie zudem auch als Bericht.<\/p><\/div>\n\n                   \n<\/p><\/div>\n<\/p><\/div>\n<p>            <!-- Zeitlinie 1 --><\/p>\n<div class=\"timeline-line\" data-animation=\"fade-in\"><\/div>\n<p>            <!-- Ereignis 2 --><\/p>\n<div class=\"timeline-event\" data-animation=\"fade-in\">\n<div class=\"event-content\">\n<div class=\"event-number\">02<\/div>\n<div class=\"event-title\">Umsetzung von Massnahmen<\/div>\n<div class=\"event-text\">\n                        Ich unterst\u00fctze Sie bei den SEO-Massnahmen, prim\u00e4r in der Form von technischen und inhaltlichen Optimierungen Ihrer Webseite, und, wo sinnvoll, bei der Umsetzung von Suchkampagnen (SEA), die sich aus der Analyse ergeben. Bei Zeit und Interesse leite ich Sie auch gerne dazu an, wie Sie Ihre Kampagnen nach dem Aufsetzen selbst verwalten k\u00f6nnen.<\/p><\/br>\n<p>Besonders wichtig ist mir, dass der Erfolg der umgesetzten Massnahmen f\u00fcr Sie nachvollziehbar ist. Daf\u00fcr m\u00fcssen allenfalls vorg\u00e4ngig gewisse technische Anpassungen an Ihrer Webseite vorgenommen werden (Web Tracking). Diese Anpassungen setze ich gerne f\u00fcr Sie um.\n                    <\/p><\/div>\n<\/p><\/div>\n<\/p><\/div>\n<p>            <!-- Zeitlinie 2 --><\/p>\n<div class=\"timeline-line\" data-animation=\"fade-in\"><\/div>\n<p>            <!-- Ereignis 3 --><\/p>\n<div class=\"timeline-event\" data-animation=\"fade-in\">\n<div class=\"event-content\">\n<div class=\"event-number\">03<\/div>\n<div class=\"event-title\">Laufende Messung der Performance<\/div>\n<div class=\"event-text\">\n                        Egal ob der Fokus auf SEO oder SEA liegt, werde ich Sie nach der Umsetzung begleiten und  Sie dazu anleiten, wie Sie in den entsprechenden Tools selbst die Wirksamkeit der getroffenen Massnahmen \u00fcberpr\u00fcfen k\u00f6nnen oder Ihnen regelm\u00e4ssig massgeschneiderte Reportings zusenden.\n                    <\/div>\n<\/p><\/div>\n<\/p><\/div>\n<\/p><\/div>\n<p>    <!-- JavaScript --><br \/>\n    <script src=\"timeline.js\"><\/script><\/p>\n<\/div>\n\n<\/div>\n\n<div id=\"analyse\">\n\n\n\n<div id=\"kontakt\">\n\n<\/div>\n\n\n\n\n\n\n\n","protected":false},"excerpt":{"rendered":"<p>01 Schnellanalyse Erfahrungsgem\u00e4ss brauche ich f\u00fcr eine Schnellanalyse Ihrer aktuellen Online-Sichtbarkeit und dem vorhandenen Potential nicht mehr als einen halben Tag. Das Ergebnis dieser Schnellanalyse werden erste konkrete Handlungsempfehlungen zur Verbesserung der Sichtbarkeit sein. Sie k\u00f6nnen danach entscheiden, in welcher Form Sie die Zusammenarbeit vertiefen m\u00f6chten. In einem pers\u00f6nlichen Gespr\u00e4ch pr\u00e4sentiere ich Ihnen die Resultate [&hellip;]<\/p>\n","protected":false},"author":1,"featured_media":0,"parent":0,"menu_order":0,"comment_status":"closed","ping_status":"closed","template":"","meta":{"saved_in_kubio":true,"inline_featured_image":false,"footnotes":""},"class_list":["post-8","page","type-page","status-publish","hentry"],"kubio_ai_page_context":{"short_desc":"","purpose":"general"},"_links":{"self":[{"href":"https:\/\/sanadigital.ch\/index.php\/wp-json\/wp\/v2\/pages\/8","targetHints":{"allow":["GET"]}}],"collection":[{"href":"https:\/\/sanadigital.ch\/index.php\/wp-json\/wp\/v2\/pages"}],"about":[{"href":"https:\/\/sanadigital.ch\/index.php\/wp-json\/wp\/v2\/types\/page"}],"author":[{"embeddable":true,"href":"https:\/\/sanadigital.ch\/index.php\/wp-json\/wp\/v2\/users\/1"}],"replies":[{"embeddable":true,"href":"https:\/\/sanadigital.ch\/index.php\/wp-json\/wp\/v2\/comments?post=8"}],"version-history":[{"count":98,"href":"https:\/\/sanadigital.ch\/index.php\/wp-json\/wp\/v2\/pages\/8\/revisions"}],"predecessor-version":[{"id":331,"href":"https:\/\/sanadigital.ch\/index.php\/wp-json\/wp\/v2\/pages\/8\/revisions\/331"}],"wp:attachment":[{"href":"https:\/\/sanadigital.ch\/index.php\/wp-json\/wp\/v2\/media?parent=8"}],"curies":[{"name":"wp","href":"https:\/\/api.w.org\/{rel}","templated":true}]}}